{"id":8598,"date":"2022-01-01T23:24:42","date_gmt":"2022-01-01T23:24:42","guid":{"rendered":"https:\/\/gabyoak.com\/?post_type=product&#038;p=8598"},"modified":"2024-01-31T18:35:55","modified_gmt":"2024-01-31T18:35:55","slug":"juno-earrings","status":"publish","type":"product","link":"https:\/\/gabyoak.com\/pt\/produto\/juno-earrings\/","title":{"rendered":"Brincos Juno"},"content":{"rendered":"","protected":false},"excerpt":{"rendered":"<div class=\"woocommerce-product-details__short-description\">\n<div class=\"woocommerce-product-details__short-description\">\n<div class=\"woocommerce-product-details__short-description\">\n<div class=\"woocommerce-product-details__short-description\">\n<p>Os Juno s\u00e3o os brincos do dia-a-dia, para usar em qualquer lugar, com um estilo geom\u00e9trico simples e um padr\u00e3o subtil e espont\u00e2neo. Preto e branco com um pequeno toque de cor? Que look t\u00e3o vers\u00e1til!<\/p>\n<p><img decoding=\"async\" class=\"emoji lazyloaded\" role=\"img\" draggable=\"false\" src=\"https:\/\/s.w.org\/images\/core\/emoji\/13.1.0\/svg\/3030.svg\" alt=\"\u3030\ufe0f\" data-src=\"https:\/\/s.w.org\/images\/core\/emoji\/13.1.0\/svg\/3030.svg\" \/> Artigo feito sob encomenda. Por favor, aguarda 5 a 7 dias \u00fateis para processamento antes que seu pedido seja enviado<\/p>\n<p>\u3030\ufe0f Feito \u00e0 m\u00e3o com argila pol\u00edmera e a\u00e7o inoxid\u00e1vel<\/p>\n<div class=\"woocommerce-product-details__short-description\">\n<p>\u3030\ufe0f Uma ampla gama de personaliza\u00e7\u00e3o est\u00e1 dispon\u00edvel mediante solicita\u00e7\u00e3o. Entra em contacto comigo antes de fazer um pedido se estiveres interessado em personalizar este produto<\/p>\n<\/div>\n<p>Feito com muito carinho, tudo \u00e9 produzido com a maior aten\u00e7\u00e3o ao detalhe poss\u00edvel. No entanto, n\u00e3o te esque\u00e7as que s\u00e3o feitos \u00e0 m\u00e3o, pelo que podem apresentar pequenas varia\u00e7\u00f5es comparativamente \u00e0 imagem ou pequenas imperfei\u00e7\u00f5es.<\/p>\n<p>A cor real do produto pode variar da imagem devido a diferentes calibra\u00e7\u00f5es de ecr\u00e3.<\/p>\n<p><strong>International orders info! <\/strong>If you want to place an order from outside of Portugal, please e-mail me at hello@gabyoak.com or message me on <a href=\"https:\/\/www.instagram.com\/gaby.oak\/\">instagram <\/a>so we can discuss delivery options and rates.<\/p>\n<\/div>\n<\/div>\n<\/div>\n<\/div>","protected":false},"featured_media":8540,"comment_status":"open","ping_status":"closed","template":"","meta":{"_monsterinsights_skip_tracking":false,"_monsterinsights_sitenote_active":false,"_monsterinsights_sitenote_note":"","_monsterinsights_sitenote_category":0,"site-sidebar-layout":"default","site-content-layout":"default","ast-site-content-layout":"default","site-content-style":"default","site-sidebar-style":"default","ast-global-header-display":"","ast-banner-title-visibility":"","ast-main-header-display":"","ast-hfb-above-header-display":"","ast-hfb-below-header-display":"","ast-hfb-mobile-header-display":"","site-post-title":"","ast-breadcrumbs-content":"","ast-featured-img":"","footer-sml-layout":"","ast-disable-related-posts":"","theme-transparent-header-meta":"default","adv-header-id-meta":"","stick-header-meta":"","header-above-stick-meta":"","header-main-stick-meta":"","header-below-stick-meta":"","astra-migrate-meta-layouts":"set","ast-page-background-enabled":"default","ast-page-background-meta":{"desktop":{"background-color":"","background-image":"","background-repeat":"repeat","background-position":"center center","background-size":"auto","background-attachment":"scroll","background-type":"","background-media":"","overlay-type":"","overlay-color":"","overlay-opacity":"","overlay-gradient":""},"tablet":{"background-color":"","background-image":"","background-repeat":"repeat","background-position":"center center","background-size":"auto","background-attachment":"scroll","background-type":"","background-media":"","overlay-type":"","overlay-color":"","overlay-opacity":"","overlay-gradient":""},"mobile":{"background-color":"","background-image":"","background-repeat":"repeat","background-position":"center center","background-size":"auto","background-attachment":"scroll","background-type":"","background-media":"","overlay-type":"","overlay-color":"","overlay-opacity":"","overlay-gradient":""}},"ast-content-background-meta":{"desktop":{"background-color":"var(--ast-global-color-5)","background-image":"","background-repeat":"repeat","background-position":"center center","background-size":"auto","background-attachment":"scroll","background-type":"","background-media":"","overlay-type":"","overlay-color":"","overlay-opacity":"","overlay-gradient":""},"tablet":{"background-color":"var(--ast-global-color-5)","background-image":"","background-repeat":"repeat","background-position":"center center","background-size":"auto","background-attachment":"scroll","background-type":"","background-media":"","overlay-type":"","overlay-color":"","overlay-opacity":"","overlay-gradient":""},"mobile":{"background-color":"var(--ast-global-color-5)","background-image":"","background-repeat":"repeat","background-position":"center center","background-size":"auto","background-attachment":"scroll","background-type":"","background-media":"","overlay-type":"","overlay-color":"","overlay-opacity":"","overlay-gradient":""}}},"product_brand":[],"product_cat":[39,32],"product_tag":[],"class_list":{"0":"post-8598","1":"product","2":"type-product","3":"status-publish","4":"has-post-thumbnail","6":"product_cat-earrings","7":"product_cat-jewelry","8":"desktop-align-center","9":"tablet-align-left","10":"mobile-align-left","12":"first","13":"instock","14":"featured","15":"shipping-taxable","16":"purchasable","17":"product-type-simple"},"_links":{"self":[{"href":"https:\/\/gabyoak.com\/pt\/wp-json\/wp\/v2\/product\/8598","targetHints":{"allow":["GET"]}}],"collection":[{"href":"https:\/\/gabyoak.com\/pt\/wp-json\/wp\/v2\/product"}],"about":[{"href":"https:\/\/gabyoak.com\/pt\/wp-json\/wp\/v2\/types\/product"}],"replies":[{"embeddable":true,"href":"https:\/\/gabyoak.com\/pt\/wp-json\/wp\/v2\/comments?post=8598"}],"wp:featuredmedia":[{"embeddable":true,"href":"https:\/\/gabyoak.com\/pt\/wp-json\/wp\/v2\/media\/8540"}],"wp:attachment":[{"href":"https:\/\/gabyoak.com\/pt\/wp-json\/wp\/v2\/media?parent=8598"}],"wp:term":[{"taxonomy":"product_brand","embeddable":true,"href":"https:\/\/gabyoak.com\/pt\/wp-json\/wp\/v2\/product_brand?post=8598"},{"taxonomy":"product_cat","embeddable":true,"href":"https:\/\/gabyoak.com\/pt\/wp-json\/wp\/v2\/product_cat?post=8598"},{"taxonomy":"product_tag","embeddable":true,"href":"https:\/\/gabyoak.com\/pt\/wp-json\/wp\/v2\/product_tag?post=8598"}],"curies":[{"name":"wp","href":"https:\/\/api.w.org\/{rel}","templated":true}]}}