{"id":7194,"date":"2022-03-09T19:00:57","date_gmt":"2022-03-09T19:00:57","guid":{"rendered":"https:\/\/gabyoak.com\/?post_type=product&#038;p=7194"},"modified":"2024-01-31T18:34:34","modified_gmt":"2024-01-31T18:34:34","slug":"portal-eyes","status":"publish","type":"product","link":"https:\/\/gabyoak.com\/pt\/produto\/portal-eyes\/","title":{"rendered":"Brincos Portal Eyes"},"content":{"rendered":"","protected":false},"excerpt":{"rendered":"<div class=\"woocommerce-product-details__short-description\">\n<div class=\"woocommerce-product-details__short-description\">\n<div class=\"woocommerce-product-details__short-description\">\n<div class=\"woocommerce-product-details__short-description\">\n<p>Dizem que os olhos s\u00e3o portais para a alma. Mostra a toda a gente a tua alma divertida e exc\u00eantrica com os brincos Portal Eyes!<\/p>\n<div class=\"woocommerce-product-details__short-description\">\n<p>\ud83d\udc41\ufe0f Made-to-order item. Please allow 5 to 7 weekdays for processing before your order is shipped<\/p>\n<p>\ud83d\udc41\ufe0f\u00a0Handmade with polymer clay and stainless steel<\/p>\n<p>\ud83d\udc41\ufe0f A wide range of customization is available upon request. Please contact me before placing an order if you are interested in customizing this product<\/p>\n<\/div>\n<p>Feito com muito carinho, tudo \u00e9 produzido com a maior aten\u00e7\u00e3o ao detalhe poss\u00edvel. No entanto, n\u00e3o te esque\u00e7as que s\u00e3o feitos \u00e0 m\u00e3o, pelo que podem apresentar pequenas varia\u00e7\u00f5es comparativamente \u00e0 imagem ou pequenas imperfei\u00e7\u00f5es.<\/p>\n<p>A cor real do produto pode variar da imagem devido a diferentes calibra\u00e7\u00f5es de ecr\u00e3.<\/p>\n<p><strong>International orders info! <\/strong>If you want to place an order from outside of Portugal, please e-mail me at hello@gabyoak.com or message me on <a href=\"https:\/\/www.instagram.com\/gaby.oak\/\">instagram <\/a>so we can discuss delivery options and rates.<\/p>\n<\/div>\n<\/div>\n<\/div>\n<\/div>","protected":false},"featured_media":7300,"comment_status":"open","ping_status":"closed","template":"","meta":{"_monsterinsights_skip_tracking":false,"_monsterinsights_sitenote_active":false,"_monsterinsights_sitenote_note":"","_monsterinsights_sitenote_category":0,"site-sidebar-layout":"default","site-content-layout":"default","ast-site-content-layout":"default","site-content-style":"default","site-sidebar-style":"default","ast-global-header-display":"","ast-banner-title-visibility":"","ast-main-header-display":"","ast-hfb-above-header-display":"","ast-hfb-below-header-display":"","ast-hfb-mobile-header-display":"","site-post-title":"","ast-breadcrumbs-content":"","ast-featured-img":"","footer-sml-layout":"","ast-disable-related-posts":"","theme-transparent-header-meta":"default","adv-header-id-meta":"","stick-header-meta":"","header-above-stick-meta":"","header-main-stick-meta":"","header-below-stick-meta":"","astra-migrate-meta-layouts":"set","ast-page-background-enabled":"default","ast-page-background-meta":{"desktop":{"background-color":"","background-image":"","background-repeat":"repeat","background-position":"center center","background-size":"auto","background-attachment":"scroll","background-type":"","background-media":"","overlay-type":"","overlay-color":"","overlay-opacity":"","overlay-gradient":""},"tablet":{"background-color":"","background-image":"","background-repeat":"repeat","background-position":"center center","background-size":"auto","background-attachment":"scroll","background-type":"","background-media":"","overlay-type":"","overlay-color":"","overlay-opacity":"","overlay-gradient":""},"mobile":{"background-color":"","background-image":"","background-repeat":"repeat","background-position":"center center","background-size":"auto","background-attachment":"scroll","background-type":"","background-media":"","overlay-type":"","overlay-color":"","overlay-opacity":"","overlay-gradient":""}},"ast-content-background-meta":{"desktop":{"background-color":"var(--ast-global-color-5)","background-image":"","background-repeat":"repeat","background-position":"center center","background-size":"auto","background-attachment":"scroll","background-type":"","background-media":"","overlay-type":"","overlay-color":"","overlay-opacity":"","overlay-gradient":""},"tablet":{"background-color":"var(--ast-global-color-5)","background-image":"","background-repeat":"repeat","background-position":"center center","background-size":"auto","background-attachment":"scroll","background-type":"","background-media":"","overlay-type":"","overlay-color":"","overlay-opacity":"","overlay-gradient":""},"mobile":{"background-color":"var(--ast-global-color-5)","background-image":"","background-repeat":"repeat","background-position":"center center","background-size":"auto","background-attachment":"scroll","background-type":"","background-media":"","overlay-type":"","overlay-color":"","overlay-opacity":"","overlay-gradient":""}}},"product_brand":[],"product_cat":[64,39,32],"product_tag":[],"class_list":{"0":"post-7194","1":"product","2":"type-product","3":"status-publish","4":"has-post-thumbnail","6":"product_cat-chromofigura-collection","7":"product_cat-earrings","8":"product_cat-jewelry","9":"desktop-align-center","10":"tablet-align-left","11":"mobile-align-left","13":"first","14":"instock","15":"shipping-taxable","16":"purchasable","17":"product-type-simple"},"_links":{"self":[{"href":"https:\/\/gabyoak.com\/pt\/wp-json\/wp\/v2\/product\/7194","targetHints":{"allow":["GET"]}}],"collection":[{"href":"https:\/\/gabyoak.com\/pt\/wp-json\/wp\/v2\/product"}],"about":[{"href":"https:\/\/gabyoak.com\/pt\/wp-json\/wp\/v2\/types\/product"}],"replies":[{"embeddable":true,"href":"https:\/\/gabyoak.com\/pt\/wp-json\/wp\/v2\/comments?post=7194"}],"wp:featuredmedia":[{"embeddable":true,"href":"https:\/\/gabyoak.com\/pt\/wp-json\/wp\/v2\/media\/7300"}],"wp:attachment":[{"href":"https:\/\/gabyoak.com\/pt\/wp-json\/wp\/v2\/media?parent=7194"}],"wp:term":[{"taxonomy":"product_brand","embeddable":true,"href":"https:\/\/gabyoak.com\/pt\/wp-json\/wp\/v2\/product_brand?post=7194"},{"taxonomy":"product_cat","embeddable":true,"href":"https:\/\/gabyoak.com\/pt\/wp-json\/wp\/v2\/product_cat?post=7194"},{"taxonomy":"product_tag","embeddable":true,"href":"https:\/\/gabyoak.com\/pt\/wp-json\/wp\/v2\/product_tag?post=7194"}],"curies":[{"name":"wp","href":"https:\/\/api.w.org\/{rel}","templated":true}]}}