{"id":96,"date":"2018-06-18T06:57:57","date_gmt":"2018-06-18T06:57:57","guid":{"rendered":"https:\/\/gabyoak.com\/about\/"},"modified":"2023-12-05T19:23:11","modified_gmt":"2023-12-05T19:23:11","slug":"about","status":"publish","type":"page","link":"https:\/\/gabyoak.com\/pt\/about\/","title":{"rendered":"About"},"content":{"rendered":"<div data-elementor-type=\"wp-post\" data-elementor-id=\"96\" class=\"elementor elementor-96\">\n\t\t\t\t\t\t<section class=\"elementor-section elementor-top-section elementor-element elementor-element-7d33ea6 elementor-section-boxed elementor-section-height-default elementor-section-height-default\" data-id=\"7d33ea6\" data-element_type=\"section\" data-e-type=\"section\">\n\t\t\t\t\t\t<div class=\"elementor-container elementor-column-gap-default\">\n\t\t\t\t\t<div class=\"elementor-column elementor-col-100 elementor-top-column elementor-element elementor-element-827726c\" data-id=\"827726c\" data-element_type=\"column\" data-e-type=\"column\" data-settings=\"{&quot;background_background&quot;:&quot;classic&quot;}\">\n\t\t\t<div class=\"elementor-widget-wrap elementor-element-populated\">\n\t\t\t\t\t\t<section class=\"elementor-section elementor-inner-section elementor-element elementor-element-ac995aa elementor-section-full_width elementor-section-content-middle elementor-hidden-desktop elementor-hidden-tablet elementor-section-height-default elementor-section-height-default\" data-id=\"ac995aa\" data-element_type=\"section\" data-e-type=\"section\">\n\t\t\t\t\t\t<div class=\"elementor-container elementor-column-gap-no\">\n\t\t\t\t\t<div class=\"elementor-column elementor-col-50 elementor-inner-column elementor-element elementor-element-7f38b0a\" data-id=\"7f38b0a\" data-element_type=\"column\" data-e-type=\"column\" data-settings=\"{&quot;background_background&quot;:&quot;classic&quot;}\">\n\t\t\t<div class=\"elementor-widget-wrap elementor-element-populated\">\n\t\t\t\t\t\t<div class=\"elementor-element elementor-element-4e5eb83c elementor-widget elementor-widget-heading\" data-id=\"4e5eb83c\" data-element_type=\"widget\" data-e-type=\"widget\" data-widget_type=\"heading.default\">\n\t\t\t\t<div class=\"elementor-widget-container\">\n\t\t\t\t\t<h1 class=\"elementor-heading-title elementor-size-default\">Sobre mim<\/h1>\t\t\t\t<\/div>\n\t\t\t\t<\/div>\n\t\t\t\t<div class=\"elementor-element elementor-element-f70f2dc elementor-widget elementor-widget-text-editor\" data-id=\"f70f2dc\" data-element_type=\"widget\" data-e-type=\"widget\" data-widget_type=\"text-editor.default\">\n\t\t\t\t<div class=\"elementor-widget-container\">\n\t\t\t\t\t\t\t\t\t<p>Ol\u00e1! O meu nome \u00e9 Gabriela. Sou uma ilustradora e designer de moda venezuelana sediada em Portugal e a fundadora de Gaby Oak.<\/p>\t\t\t\t\t\t\t\t<\/div>\n\t\t\t\t<\/div>\n\t\t\t\t<div class=\"elementor-element elementor-element-99dc8b2 elementor-widget-mobile__width-inherit elementor-widget elementor-widget-image\" data-id=\"99dc8b2\" data-element_type=\"widget\" data-e-type=\"widget\" data-widget_type=\"image.default\">\n\t\t\t\t<div class=\"elementor-widget-container\">\n\t\t\t\t\t\t\t\t\t\t\t\t\t\t\t<img fetchpriority=\"high\" decoding=\"async\" width=\"201\" height=\"300\" src=\"https:\/\/gabyoak.com\/wp-content\/uploads\/2023\/12\/DSC_0102-201x300.jpg\" class=\"attachment-medium size-medium wp-image-9653\" alt=\"\" srcset=\"https:\/\/gabyoak.com\/wp-content\/uploads\/2023\/12\/DSC_0102-201x300.jpg 201w, https:\/\/gabyoak.com\/wp-content\/uploads\/2023\/12\/DSC_0102-685x1024.jpg 685w, https:\/\/gabyoak.com\/wp-content\/uploads\/2023\/12\/DSC_0102-100x150.jpg 100w, https:\/\/gabyoak.com\/wp-content\/uploads\/2023\/12\/DSC_0102-768x1147.jpg 768w, https:\/\/gabyoak.com\/wp-content\/uploads\/2023\/12\/DSC_0102-1028x1536.jpg 1028w, https:\/\/gabyoak.com\/wp-content\/uploads\/2023\/12\/DSC_0102-1371x2048.jpg 1371w, https:\/\/gabyoak.com\/wp-content\/uploads\/2023\/12\/DSC_0102-8x12.jpg 8w, https:\/\/gabyoak.com\/wp-content\/uploads\/2023\/12\/DSC_0102-600x896.jpg 600w, https:\/\/gabyoak.com\/wp-content\/uploads\/2023\/12\/DSC_0102-scaled.jpg 1714w\" sizes=\"(max-width: 201px) 100vw, 201px\" \/>\t\t\t\t\t\t\t\t\t\t\t\t\t\t\t<\/div>\n\t\t\t\t<\/div>\n\t\t\t\t<div class=\"elementor-element elementor-element-fe16e18 elementor-widget elementor-widget-text-editor\" data-id=\"fe16e18\" data-element_type=\"widget\" data-e-type=\"widget\" data-widget_type=\"text-editor.default\">\n\t\t\t\t<div class=\"elementor-widget-container\">\n\t\t\t\t\t\t\t\t\t<p>Comecei a Gaby Oak no ano passado com uma pequena cole\u00e7\u00e3o de brincos mas, pouco tempo depois, comecei um curso de Ilustra\u00e7\u00e3o e tive de deixar em pausa este projeto. Durante esse tempo, treinei as minhas t\u00e9cnicas pacientemente e longe do ritmo acelerado das redes sociais. Dediquei o meu tempo livre a aprender a fazer itens da mais alta qualidade e concentrei-me em desenvolver o meu pr\u00f3prio estilo art\u00edstico \u00fanico.\u00a0<\/p><p>But now I&#8217;m back! And all I want is to bring fun, boldness and sense of humor to cool products that you feel excited to have and can bring a huge smile to your face.<\/p><p>Se quiseres saber mais sobre como tudo \u00e9 feito, visite a p\u00e1gina de <a href=\"https:\/\/gabyoak.com\/pt\/transparency\/\">transpar\u00eancia.<\/a> Para outras informa\u00e7\u00f5es, tenta na p\u00e1gina de <a href=\"https:\/\/gabyoak.com\/pt\/faq\/\">perguntas frequentes<\/a> ou contacta-me atrav\u00e9s do email hello@gabyoak.com<\/p>\t\t\t\t\t\t\t\t<\/div>\n\t\t\t\t<\/div>\n\t\t\t\t\t<\/div>\n\t\t<\/div>\n\t\t\t\t<div class=\"elementor-column elementor-col-50 elementor-inner-column elementor-element elementor-element-dd45772\" data-id=\"dd45772\" data-element_type=\"column\" data-e-type=\"column\" data-settings=\"{&quot;background_background&quot;:&quot;classic&quot;}\">\n\t\t\t<div class=\"elementor-widget-wrap\">\n\t\t\t\t\t<div class=\"elementor-background-overlay\"><\/div>\n\t\t\t\t\t\t\t<\/div>\n\t\t<\/div>\n\t\t\t\t\t<\/div>\n\t\t<\/section>\n\t\t\t\t<section class=\"elementor-section elementor-inner-section elementor-element elementor-element-4ec5907 elementor-section-full_width elementor-section-content-middle elementor-hidden-mobile elementor-section-height-default elementor-section-height-default\" data-id=\"4ec5907\" data-element_type=\"section\" data-e-type=\"section\">\n\t\t\t\t\t\t<div class=\"elementor-container elementor-column-gap-no\">\n\t\t\t\t\t<div class=\"elementor-column elementor-col-50 elementor-inner-column elementor-element elementor-element-69a3560\" data-id=\"69a3560\" data-element_type=\"column\" data-e-type=\"column\" data-settings=\"{&quot;background_background&quot;:&quot;classic&quot;}\">\n\t\t\t<div class=\"elementor-widget-wrap elementor-element-populated\">\n\t\t\t\t\t<div class=\"elementor-background-overlay\"><\/div>\n\t\t\t\t\t\t<div class=\"elementor-element elementor-element-366ade9 elementor-widget elementor-widget-image\" data-id=\"366ade9\" data-element_type=\"widget\" data-e-type=\"widget\" data-widget_type=\"image.default\">\n\t\t\t\t<div class=\"elementor-widget-container\">\n\t\t\t\t\t\t\t\t\t\t\t\t\t\t\t<img decoding=\"async\" src=\"https:\/\/gabyoak.com\/wp-content\/uploads\/2021\/10\/aba17f1faff38b5aecb673a6504f8218.jpg\" title=\"\" alt=\"\" loading=\"lazy\" \/>\t\t\t\t\t\t\t\t\t\t\t\t\t\t\t<\/div>\n\t\t\t\t<\/div>\n\t\t\t\t\t<\/div>\n\t\t<\/div>\n\t\t\t\t<div class=\"elementor-column elementor-col-50 elementor-inner-column elementor-element elementor-element-f855efd\" data-id=\"f855efd\" data-element_type=\"column\" data-e-type=\"column\" data-settings=\"{&quot;background_background&quot;:&quot;classic&quot;}\">\n\t\t\t<div class=\"elementor-widget-wrap elementor-element-populated\">\n\t\t\t\t\t\t<div class=\"elementor-element elementor-element-7e11067 elementor-widget elementor-widget-heading\" data-id=\"7e11067\" data-element_type=\"widget\" data-e-type=\"widget\" data-widget_type=\"heading.default\">\n\t\t\t\t<div class=\"elementor-widget-container\">\n\t\t\t\t\t<h1 class=\"elementor-heading-title elementor-size-default\">Sobre mim<\/h1>\t\t\t\t<\/div>\n\t\t\t\t<\/div>\n\t\t\t\t<div class=\"elementor-element elementor-element-a2abb4d elementor-widget elementor-widget-text-editor\" data-id=\"a2abb4d\" data-element_type=\"widget\" data-e-type=\"widget\" data-widget_type=\"text-editor.default\">\n\t\t\t\t<div class=\"elementor-widget-container\">\n\t\t\t\t\t\t\t\t\t<p>Ol\u00e1! O meu nome \u00e9 Gabriela. Sou uma ilustradora e designer de moda venezuelana sediada em Portugal e a fundadora da Gaby Oak.<\/p><p>Comecei a Gaby Oak no ano passado com uma pequena cole\u00e7\u00e3o de brincos mas, pouco tempo depois, comecei um curso de Ilustra\u00e7\u00e3o e tive de deixar em pausa este projeto. Durante esse tempo, treinei as minhas t\u00e9cnicas pacientemente e longe do ritmo acelerado das redes sociais. Dediquei o meu tempo livre a aprender a fazer itens da mais alta qualidade e concentrei-me em desenvolver o meu pr\u00f3prio estilo art\u00edstico \u00fanico.\u00a0<\/p><p>Agora estou de volta! E tudo o que quero \u00e9 trazer divers\u00e3o, ousadia e sentido de humor a coisas cool que te sintas empolgado em ter e que te possam p\u00f4r um sorriso enorme na cara.<\/p><p>Se quiseres saber mais sobre como tudo \u00e9 feito, visite a p\u00e1gina de <a href=\"https:\/\/gabyoak.com\/pt\/transparency\/\">transpar\u00eancia.<\/a> Para outras informa\u00e7\u00f5es, tenta na p\u00e1gina de <a href=\"https:\/\/gabyoak.com\/pt\/faq\/\">perguntas frequentes<\/a> ou contacta-me atrav\u00e9s do email hello@gabyoak.com<\/p><p>Estou aberta a colabora\u00e7\u00f5es e encomendas personalizadas.<\/p>\t\t\t\t\t\t\t\t<\/div>\n\t\t\t\t<\/div>\n\t\t\t\t\t<\/div>\n\t\t<\/div>\n\t\t\t\t\t<\/div>\n\t\t<\/section>\n\t\t\t\t\t<\/div>\n\t\t<\/div>\n\t\t\t\t\t<\/div>\n\t\t<\/section>\n\t\t\t\t<\/div>","protected":false},"excerpt":{"rendered":"<p>About me Hello! My name is Gabriela. I am a venezuelan illustrator and fashion designer based in Portugal and the founder of Gaby Oak. I started Gaby Oak last year with a small collection of earrings but, soon after, I enrolled in an Illustration course and I had to take a break from this personal [&hellip;]<\/p>\n","protected":false},"author":1,"featured_media":0,"parent":0,"menu_order":0,"comment_status":"closed","ping_status":"closed","template":"","meta":{"_monsterinsights_skip_tracking":false,"_monsterinsights_sitenote_active":false,"_monsterinsights_sitenote_note":"","_monsterinsights_sitenote_category":0,"site-sidebar-layout":"no-sidebar","site-content-layout":"page-builder","ast-site-content-layout":"default","site-content-style":"default","site-sidebar-style":"default","ast-global-header-display":"","ast-banner-title-visibility":"","ast-main-header-display":"","ast-hfb-above-header-display":"","ast-hfb-below-header-display":"","ast-hfb-mobile-header-display":"","site-post-title":"disabled","ast-breadcrumbs-content":"","ast-featured-img":"disabled","footer-sml-layout":"","ast-disable-related-posts":"","theme-transparent-header-meta":"enabled","adv-header-id-meta":"","stick-header-meta":"","header-above-stick-meta":"","header-main-stick-meta":"","header-below-stick-meta":"","astra-migrate-meta-layouts":"default","ast-page-background-enabled":"default","ast-page-background-meta":{"desktop":{"background-color":"","background-image":"","background-repeat":"repeat","background-position":"center center","background-size":"auto","background-attachment":"scroll","background-type":"","background-media":"","overlay-type":"","overlay-color":"","overlay-opacity":"","overlay-gradient":""},"tablet":{"background-color":"","background-image":"","background-repeat":"repeat","background-position":"center center","background-size":"auto","background-attachment":"scroll","background-type":"","background-media":"","overlay-type":"","overlay-color":"","overlay-opacity":"","overlay-gradient":""},"mobile":{"background-color":"","background-image":"","background-repeat":"repeat","background-position":"center center","background-size":"auto","background-attachment":"scroll","background-type":"","background-media":"","overlay-type":"","overlay-color":"","overlay-opacity":"","overlay-gradient":""}},"ast-content-background-meta":{"desktop":{"background-color":"var(--ast-global-color-5)","background-image":"","background-repeat":"repeat","background-position":"center center","background-size":"auto","background-attachment":"scroll","background-type":"","background-media":"","overlay-type":"","overlay-color":"","overlay-opacity":"","overlay-gradient":""},"tablet":{"background-color":"var(--ast-global-color-5)","background-image":"","background-repeat":"repeat","background-position":"center center","background-size":"auto","background-attachment":"scroll","background-type":"","background-media":"","overlay-type":"","overlay-color":"","overlay-opacity":"","overlay-gradient":""},"mobile":{"background-color":"var(--ast-global-color-5)","background-image":"","background-repeat":"repeat","background-position":"center center","background-size":"auto","background-attachment":"scroll","background-type":"","background-media":"","overlay-type":"","overlay-color":"","overlay-opacity":"","overlay-gradient":""}},"footnotes":""},"class_list":["post-96","page","type-page","status-publish","hentry"],"_links":{"self":[{"href":"https:\/\/gabyoak.com\/pt\/wp-json\/wp\/v2\/pages\/96","targetHints":{"allow":["GET"]}}],"collection":[{"href":"https:\/\/gabyoak.com\/pt\/wp-json\/wp\/v2\/pages"}],"about":[{"href":"https:\/\/gabyoak.com\/pt\/wp-json\/wp\/v2\/types\/page"}],"author":[{"embeddable":true,"href":"https:\/\/gabyoak.com\/pt\/wp-json\/wp\/v2\/users\/1"}],"replies":[{"embeddable":true,"href":"https:\/\/gabyoak.com\/pt\/wp-json\/wp\/v2\/comments?post=96"}],"version-history":[{"count":14,"href":"https:\/\/gabyoak.com\/pt\/wp-json\/wp\/v2\/pages\/96\/revisions"}],"predecessor-version":[{"id":9657,"href":"https:\/\/gabyoak.com\/pt\/wp-json\/wp\/v2\/pages\/96\/revisions\/9657"}],"wp:attachment":[{"href":"https:\/\/gabyoak.com\/pt\/wp-json\/wp\/v2\/media?parent=96"}],"curies":[{"name":"wp","href":"https:\/\/api.w.org\/{rel}","templated":true}]}}