{"id":8044,"date":"2022-03-04T16:50:15","date_gmt":"2022-03-04T16:50:15","guid":{"rendered":"https:\/\/gabyoak.com\/?page_id=8044"},"modified":"2022-09-17T12:05:41","modified_gmt":"2022-09-17T12:05:41","slug":"freya-picture-book","status":"publish","type":"page","link":"https:\/\/gabyoak.com\/pt\/freya-picture-book\/","title":{"rendered":"Freya"},"content":{"rendered":"<div data-elementor-type=\"wp-page\" data-elementor-id=\"8044\" class=\"elementor elementor-8044\">\n\t\t\t\t\t\t<section class=\"elementor-section elementor-top-section elementor-element elementor-element-117866a elementor-hidden-mobile elementor-section-boxed elementor-section-height-default elementor-section-height-default\" data-id=\"117866a\" data-element_type=\"section\" data-e-type=\"section\">\n\t\t\t\t\t\t<div class=\"elementor-container elementor-column-gap-default\">\n\t\t\t\t\t<div class=\"elementor-column elementor-col-100 elementor-top-column elementor-element elementor-element-d54a0b7\" data-id=\"d54a0b7\" data-element_type=\"column\" data-e-type=\"column\">\n\t\t\t<div class=\"elementor-widget-wrap elementor-element-populated\">\n\t\t\t\t\t\t<div class=\"elementor-element elementor-element-3c0a5a4 elementor-widget elementor-widget-image\" data-id=\"3c0a5a4\" data-element_type=\"widget\" data-e-type=\"widget\" data-widget_type=\"image.default\">\n\t\t\t\t<div class=\"elementor-widget-container\">\n\t\t\t\t\t\t\t\t\t\t\t\t\t\t\t<img fetchpriority=\"high\" decoding=\"async\" width=\"868\" height=\"695\" src=\"https:\/\/gabyoak.com\/wp-content\/uploads\/2022\/03\/Freya-Seagull-Invasion.png\" class=\"attachment-large size-large wp-image-8170\" alt=\"\" srcset=\"https:\/\/gabyoak.com\/wp-content\/uploads\/2022\/03\/Freya-Seagull-Invasion.png 868w, https:\/\/gabyoak.com\/wp-content\/uploads\/2022\/03\/Freya-Seagull-Invasion-300x240.png 300w, https:\/\/gabyoak.com\/wp-content\/uploads\/2022\/03\/Freya-Seagull-Invasion-150x120.png 150w, https:\/\/gabyoak.com\/wp-content\/uploads\/2022\/03\/Freya-Seagull-Invasion-768x615.png 768w, https:\/\/gabyoak.com\/wp-content\/uploads\/2022\/03\/Freya-Seagull-Invasion-15x12.png 15w, https:\/\/gabyoak.com\/wp-content\/uploads\/2022\/03\/Freya-Seagull-Invasion-600x480.png 600w\" sizes=\"(max-width: 868px) 100vw, 868px\" \/>\t\t\t\t\t\t\t\t\t\t\t\t\t\t\t<\/div>\n\t\t\t\t<\/div>\n\t\t\t\t<div class=\"elementor-element elementor-element-d7f1919 elementor-widget elementor-widget-heading\" data-id=\"d7f1919\" data-element_type=\"widget\" data-e-type=\"widget\" data-widget_type=\"heading.default\">\n\t\t\t\t<div class=\"elementor-widget-container\">\n\t\t\t\t\t<h2 class=\"elementor-heading-title elementor-size-default\">FREYA AND THE SEAGULL INVASION - PICTURE BOOK\u200b<\/h2>\t\t\t\t<\/div>\n\t\t\t\t<\/div>\n\t\t\t\t<div class=\"elementor-element elementor-element-0856216 elementor-widget elementor-widget-text-editor\" data-id=\"0856216\" data-element_type=\"widget\" data-e-type=\"widget\" data-widget_type=\"text-editor.default\">\n\t\t\t\t<div class=\"elementor-widget-container\">\n\t\t\t\t\t\t\t\t\t<p>Freya and the Seagull Invasion \u00e9 um \u00e1lbum ilustrado sobre uma cadela que se muda para a cidade e se v\u00ea numa situa\u00e7\u00e3o complicada com umas gaivotas que invadem o seu lar.<\/p><p class=\"translation-block\">O livro \u00e9 inspirado na minha cadela Freya e na nossa vida enquanto viv\u00edamos na cidade do Porto. Eu queria narrar o que est\u00e1vamos a viver com estas aves de uma forma leve e caricatural, em que a minha cadela pudesse ser a protagonista.<\/p><p>Unpublished work. For more info email me: hello@gabyoak.com<\/p>\t\t\t\t\t\t\t\t<\/div>\n\t\t\t\t<\/div>\n\t\t\t\t<div class=\"elementor-element elementor-element-4097e25 elementor-pagination-position-inside elementor-arrows-position-inside elementor-widget elementor-widget-image-carousel\" data-id=\"4097e25\" data-element_type=\"widget\" data-e-type=\"widget\" data-settings=\"{&quot;slides_to_show&quot;:&quot;1&quot;,&quot;navigation&quot;:&quot;both&quot;,&quot;autoplay&quot;:&quot;yes&quot;,&quot;pause_on_hover&quot;:&quot;yes&quot;,&quot;pause_on_interaction&quot;:&quot;yes&quot;,&quot;autoplay_speed&quot;:5000,&quot;infinite&quot;:&quot;yes&quot;,&quot;effect&quot;:&quot;slide&quot;,&quot;speed&quot;:500}\" data-widget_type=\"image-carousel.default\">\n\t\t\t\t<div class=\"elementor-widget-container\">\n\t\t\t\t\t\t\t<div class=\"elementor-image-carousel-wrapper swiper\" role=\"region\" aria-roledescription=\"carousel\" aria-label=\"Carrossel de imagens\" dir=\"ltr\">\n\t\t\t<div class=\"elementor-image-carousel swiper-wrapper\" aria-live=\"off\">\n\t\t\t\t\t\t\t\t<div class=\"swiper-slide\" role=\"group\" aria-roledescription=\"slide\" aria-label=\"1 of 3\"><a data-elementor-open-lightbox=\"yes\" data-elementor-lightbox-slideshow=\"4097e25\" data-elementor-lightbox-title=\"FreyaS01\" data-e-action-hash=\"#elementor-action%3Aaction%3Dlightbox%26settings%3DeyJpZCI6ODE2NiwidXJsIjoiaHR0cHM6XC9cL2dhYnlvYWsuY29tXC93cC1jb250ZW50XC91cGxvYWRzXC8yMDIyXC8wM1wvRnJleWFTMDEtMy5qcGciLCJzbGlkZXNob3ciOiI0MDk3ZTI1In0%3D\" href=\"https:\/\/gabyoak.com\/wp-content\/uploads\/2022\/03\/FreyaS01-3.jpg\"><figure class=\"swiper-slide-inner\"><img decoding=\"async\" class=\"swiper-slide-image\" src=\"https:\/\/gabyoak.com\/wp-content\/uploads\/2022\/03\/FreyaS01-3.jpg\" alt=\"FreyaS01\" loading=\"lazy\" \/><\/figure><\/a><\/div><div class=\"swiper-slide\" role=\"group\" aria-roledescription=\"slide\" aria-label=\"2 of 3\"><a data-elementor-open-lightbox=\"yes\" data-elementor-lightbox-slideshow=\"4097e25\" data-elementor-lightbox-title=\"FreyaS04\" data-e-action-hash=\"#elementor-action%3Aaction%3Dlightbox%26settings%3DeyJpZCI6ODIwNCwidXJsIjoiaHR0cHM6XC9cL2dhYnlvYWsuY29tXC93cC1jb250ZW50XC91cGxvYWRzXC8yMDIyXC8wM1wvRnJleWFTMDQuanBnIiwic2xpZGVzaG93IjoiNDA5N2UyNSJ9\" href=\"https:\/\/gabyoak.com\/wp-content\/uploads\/2022\/03\/FreyaS04.jpg\"><figure class=\"swiper-slide-inner\"><img decoding=\"async\" class=\"swiper-slide-image\" src=\"https:\/\/gabyoak.com\/wp-content\/uploads\/2022\/03\/FreyaS04.jpg\" alt=\"FreyaS04\" loading=\"lazy\" \/><\/figure><\/a><\/div><div class=\"swiper-slide\" role=\"group\" aria-roledescription=\"slide\" aria-label=\"3 of 3\"><a data-elementor-open-lightbox=\"yes\" data-elementor-lightbox-slideshow=\"4097e25\" data-elementor-lightbox-title=\"FreyaS05\" data-e-action-hash=\"#elementor-action%3Aaction%3Dlightbox%26settings%3DeyJpZCI6ODIxMSwidXJsIjoiaHR0cHM6XC9cL2dhYnlvYWsuY29tXC93cC1jb250ZW50XC91cGxvYWRzXC8yMDIyXC8wM1wvRnJleWFTMDUuanBnIiwic2xpZGVzaG93IjoiNDA5N2UyNSJ9\" href=\"https:\/\/gabyoak.com\/wp-content\/uploads\/2022\/03\/FreyaS05.jpg\"><figure class=\"swiper-slide-inner\"><img decoding=\"async\" class=\"swiper-slide-image\" src=\"https:\/\/gabyoak.com\/wp-content\/uploads\/2022\/03\/FreyaS05.jpg\" alt=\"FreyaS05\" loading=\"lazy\" \/><\/figure><\/a><\/div>\t\t\t<\/div>\n\t\t\t\t\t\t\t\t\t\t\t\t<div class=\"elementor-swiper-button elementor-swiper-button-prev\" role=\"button\" tabindex=\"0\">\n\t\t\t\t\t\t<i aria-hidden=\"true\" class=\"eicon-chevron-left\"><\/i>\t\t\t\t\t<\/div>\n\t\t\t\t\t<div class=\"elementor-swiper-button elementor-swiper-button-next\" role=\"button\" tabindex=\"0\">\n\t\t\t\t\t\t<i aria-hidden=\"true\" class=\"eicon-chevron-right\"><\/i>\t\t\t\t\t<\/div>\n\t\t\t\t\n\t\t\t\t\t\t\t\t\t<div class=\"swiper-pagination\"><\/div>\n\t\t\t\t\t\t\t\t\t<\/div>\n\t\t\t\t\t\t<\/div>\n\t\t\t\t<\/div>\n\t\t\t\t<div class=\"elementor-element elementor-element-a715159 elementor-widget elementor-widget-video\" data-id=\"a715159\" data-element_type=\"widget\" data-e-type=\"widget\" data-settings=\"{&quot;video_type&quot;:&quot;vimeo&quot;}\" data-widget_type=\"video.default\">\n\t\t\t\t<div class=\"elementor-widget-container\">\n\t\t\t\t\t\t\t<div class=\"elementor-wrapper elementor-open-inline\">\n\t\t\t<iframe class=\"elementor-video-iframe\" allowfullscreen allow=\"clipboard-write\" title=\"Reprodutor de v\u00eddeo de vimeo\" src=\"https:\/\/player.vimeo.com\/video\/684721888?color&amp;autopause=0&amp;loop=0&amp;muted=0&amp;title=1&amp;portrait=1&amp;byline=1#t=\" loading=\"lazy\"><\/iframe>\t\t<\/div>\n\t\t\t\t\t\t<\/div>\n\t\t\t\t<\/div>\n\t\t\t\t\t<\/div>\n\t\t<\/div>\n\t\t\t\t\t<\/div>\n\t\t<\/section>\n\t\t\t\t<section class=\"elementor-section elementor-top-section elementor-element elementor-element-ca1e0a7 elementor-section-full_width elementor-hidden-desktop elementor-hidden-tablet elementor-section-height-default elementor-section-height-default\" data-id=\"ca1e0a7\" data-element_type=\"section\" data-e-type=\"section\">\n\t\t\t\t\t\t<div class=\"elementor-container elementor-column-gap-default\">\n\t\t\t\t\t<div class=\"elementor-column elementor-col-50 elementor-top-column elementor-element elementor-element-a170710\" data-id=\"a170710\" data-element_type=\"column\" data-e-type=\"column\">\n\t\t\t<div class=\"elementor-widget-wrap elementor-element-populated\">\n\t\t\t\t\t\t<div class=\"elementor-element elementor-element-d551286 elementor-widget elementor-widget-heading\" data-id=\"d551286\" data-element_type=\"widget\" data-e-type=\"widget\" data-widget_type=\"heading.default\">\n\t\t\t\t<div class=\"elementor-widget-container\">\n\t\t\t\t\t<h2 class=\"elementor-heading-title elementor-size-default\">FREYA AND THE SEAGULL INVASION\nPICTURE BOOK<\/h2>\t\t\t\t<\/div>\n\t\t\t\t<\/div>\n\t\t\t\t<div class=\"elementor-element elementor-element-52081e8 elementor-widget elementor-widget-image\" data-id=\"52081e8\" data-element_type=\"widget\" data-e-type=\"widget\" data-widget_type=\"image.default\">\n\t\t\t\t<div class=\"elementor-widget-container\">\n\t\t\t\t\t\t\t\t\t\t\t\t\t\t\t<img fetchpriority=\"high\" decoding=\"async\" width=\"868\" height=\"695\" src=\"https:\/\/gabyoak.com\/wp-content\/uploads\/2022\/03\/Freya-Seagull-Invasion.png\" class=\"attachment-large size-large wp-image-8170\" alt=\"\" srcset=\"https:\/\/gabyoak.com\/wp-content\/uploads\/2022\/03\/Freya-Seagull-Invasion.png 868w, https:\/\/gabyoak.com\/wp-content\/uploads\/2022\/03\/Freya-Seagull-Invasion-300x240.png 300w, https:\/\/gabyoak.com\/wp-content\/uploads\/2022\/03\/Freya-Seagull-Invasion-150x120.png 150w, https:\/\/gabyoak.com\/wp-content\/uploads\/2022\/03\/Freya-Seagull-Invasion-768x615.png 768w, https:\/\/gabyoak.com\/wp-content\/uploads\/2022\/03\/Freya-Seagull-Invasion-15x12.png 15w, https:\/\/gabyoak.com\/wp-content\/uploads\/2022\/03\/Freya-Seagull-Invasion-600x480.png 600w\" sizes=\"(max-width: 868px) 100vw, 868px\" \/>\t\t\t\t\t\t\t\t\t\t\t\t\t\t\t<\/div>\n\t\t\t\t<\/div>\n\t\t\t\t<div class=\"elementor-element elementor-element-bcbd12e elementor-widget elementor-widget-text-editor\" data-id=\"bcbd12e\" data-element_type=\"widget\" data-e-type=\"widget\" data-widget_type=\"text-editor.default\">\n\t\t\t\t<div class=\"elementor-widget-container\">\n\t\t\t\t\t\t\t\t\t<p style=\"text-align: left;\">Freya and the Seagull Invasion \u00e9 um \u00e1lbum ilustrado sobre uma cadela que se muda para a cidade e se v\u00ea numa situa\u00e7\u00e3o complicada com umas gaivotas que invadem o seu lar.<\/p>\t\t\t\t\t\t\t\t<\/div>\n\t\t\t\t<\/div>\n\t\t\t\t<div class=\"elementor-element elementor-element-b3af58b elementor-widget elementor-widget-video\" data-id=\"b3af58b\" data-element_type=\"widget\" data-e-type=\"widget\" data-settings=\"{&quot;video_type&quot;:&quot;vimeo&quot;}\" data-widget_type=\"video.default\">\n\t\t\t\t<div class=\"elementor-widget-container\">\n\t\t\t\t\t\t\t<div class=\"elementor-wrapper elementor-open-inline\">\n\t\t\t<iframe class=\"elementor-video-iframe\" allowfullscreen allow=\"clipboard-write\" title=\"Reprodutor de v\u00eddeo de vimeo\" src=\"https:\/\/player.vimeo.com\/video\/684721888?color&amp;autopause=0&amp;loop=0&amp;muted=0&amp;title=1&amp;portrait=1&amp;byline=1#t=\" loading=\"lazy\"><\/iframe>\t\t<\/div>\n\t\t\t\t\t\t<\/div>\n\t\t\t\t<\/div>\n\t\t\t\t<div class=\"elementor-element elementor-element-4db654a elementor-widget elementor-widget-text-editor\" data-id=\"4db654a\" data-element_type=\"widget\" data-e-type=\"widget\" data-widget_type=\"text-editor.default\">\n\t\t\t\t<div class=\"elementor-widget-container\">\n\t\t\t\t\t\t\t\t\t<p class=\"translation-block\">O livro \u00e9 inspirado na minha cadela Freya e na nossa vida enquanto viv\u00edamos na cidade do Porto. Eu queria narrar o que est\u00e1vamos a viver com estas aves de uma forma leve e caricatural, em que a minha cadela pudesse ser a protagonista.<\/p>\t\t\t\t\t\t\t\t<\/div>\n\t\t\t\t<\/div>\n\t\t\t\t\t<\/div>\n\t\t<\/div>\n\t\t\t\t<div class=\"elementor-column elementor-col-50 elementor-top-column elementor-element elementor-element-d85adde\" data-id=\"d85adde\" data-element_type=\"column\" data-e-type=\"column\">\n\t\t\t<div class=\"elementor-widget-wrap elementor-element-populated\">\n\t\t\t\t\t\t<div class=\"elementor-element elementor-element-80a8009 elementor-widget elementor-widget-image\" data-id=\"80a8009\" data-element_type=\"widget\" data-e-type=\"widget\" data-widget_type=\"image.default\">\n\t\t\t\t<div class=\"elementor-widget-container\">\n\t\t\t\t\t\t\t\t\t\t\t\t\t\t\t<img decoding=\"async\" width=\"1024\" height=\"786\" src=\"https:\/\/gabyoak.com\/wp-content\/uploads\/2022\/03\/FreyaS01-3-1024x786.jpg\" class=\"attachment-large size-large wp-image-8166\" alt=\"\" srcset=\"https:\/\/gabyoak.com\/wp-content\/uploads\/2022\/03\/FreyaS01-3-1024x786.jpg 1024w, https:\/\/gabyoak.com\/wp-content\/uploads\/2022\/03\/FreyaS01-3-300x230.jpg 300w, https:\/\/gabyoak.com\/wp-content\/uploads\/2022\/03\/FreyaS01-3-150x115.jpg 150w, https:\/\/gabyoak.com\/wp-content\/uploads\/2022\/03\/FreyaS01-3-768x590.jpg 768w, https:\/\/gabyoak.com\/wp-content\/uploads\/2022\/03\/FreyaS01-3-1536x1179.jpg 1536w, https:\/\/gabyoak.com\/wp-content\/uploads\/2022\/03\/FreyaS01-3-16x12.jpg 16w, https:\/\/gabyoak.com\/wp-content\/uploads\/2022\/03\/FreyaS01-3-600x461.jpg 600w, https:\/\/gabyoak.com\/wp-content\/uploads\/2022\/03\/FreyaS01-3.jpg 2031w\" sizes=\"(max-width: 1024px) 100vw, 1024px\" loading=\"lazy\" \/>\t\t\t\t\t\t\t\t\t\t\t\t\t\t\t<\/div>\n\t\t\t\t<\/div>\n\t\t\t\t<div class=\"elementor-element elementor-element-e81a2e8 elementor-widget elementor-widget-image\" data-id=\"e81a2e8\" data-element_type=\"widget\" data-e-type=\"widget\" data-widget_type=\"image.default\">\n\t\t\t\t<div class=\"elementor-widget-container\">\n\t\t\t\t\t\t\t\t\t\t\t\t\t\t\t<img decoding=\"async\" width=\"1024\" height=\"786\" src=\"https:\/\/gabyoak.com\/wp-content\/uploads\/2022\/03\/FreyaS02-1024x786.jpg\" class=\"attachment-large size-large wp-image-8221\" alt=\"\" srcset=\"https:\/\/gabyoak.com\/wp-content\/uploads\/2022\/03\/FreyaS02-1024x786.jpg 1024w, https:\/\/gabyoak.com\/wp-content\/uploads\/2022\/03\/FreyaS02-300x230.jpg 300w, https:\/\/gabyoak.com\/wp-content\/uploads\/2022\/03\/FreyaS02-150x115.jpg 150w, https:\/\/gabyoak.com\/wp-content\/uploads\/2022\/03\/FreyaS02-768x590.jpg 768w, https:\/\/gabyoak.com\/wp-content\/uploads\/2022\/03\/FreyaS02-1536x1179.jpg 1536w, https:\/\/gabyoak.com\/wp-content\/uploads\/2022\/03\/FreyaS02-16x12.jpg 16w, https:\/\/gabyoak.com\/wp-content\/uploads\/2022\/03\/FreyaS02-600x461.jpg 600w, https:\/\/gabyoak.com\/wp-content\/uploads\/2022\/03\/FreyaS02.jpg 2031w\" sizes=\"(max-width: 1024px) 100vw, 1024px\" loading=\"lazy\" \/>\t\t\t\t\t\t\t\t\t\t\t\t\t\t\t<\/div>\n\t\t\t\t<\/div>\n\t\t\t\t<div class=\"elementor-element elementor-element-591e2b7 elementor-widget elementor-widget-image\" data-id=\"591e2b7\" data-element_type=\"widget\" data-e-type=\"widget\" data-widget_type=\"image.default\">\n\t\t\t\t<div class=\"elementor-widget-container\">\n\t\t\t\t\t\t\t\t\t\t\t\t\t\t\t<img loading=\"lazy\" decoding=\"async\" width=\"1024\" height=\"786\" src=\"https:\/\/gabyoak.com\/wp-content\/uploads\/2022\/03\/FreyaS05-1024x786.jpg\" class=\"attachment-large size-large wp-image-8211\" alt=\"\" srcset=\"https:\/\/gabyoak.com\/wp-content\/uploads\/2022\/03\/FreyaS05-1024x786.jpg 1024w, https:\/\/gabyoak.com\/wp-content\/uploads\/2022\/03\/FreyaS05-300x230.jpg 300w, https:\/\/gabyoak.com\/wp-content\/uploads\/2022\/03\/FreyaS05-150x115.jpg 150w, https:\/\/gabyoak.com\/wp-content\/uploads\/2022\/03\/FreyaS05-768x590.jpg 768w, https:\/\/gabyoak.com\/wp-content\/uploads\/2022\/03\/FreyaS05-1536x1179.jpg 1536w, https:\/\/gabyoak.com\/wp-content\/uploads\/2022\/03\/FreyaS05-16x12.jpg 16w, https:\/\/gabyoak.com\/wp-content\/uploads\/2022\/03\/FreyaS05-600x461.jpg 600w, https:\/\/gabyoak.com\/wp-content\/uploads\/2022\/03\/FreyaS05.jpg 2031w\" sizes=\"(max-width: 1024px) 100vw, 1024px\" \/>\t\t\t\t\t\t\t\t\t\t\t\t\t\t\t<\/div>\n\t\t\t\t<\/div>\n\t\t\t\t<div class=\"elementor-element elementor-element-b4e2c6a elementor-widget elementor-widget-text-editor\" data-id=\"b4e2c6a\" data-element_type=\"widget\" data-e-type=\"widget\" data-widget_type=\"text-editor.default\">\n\t\t\t\t<div class=\"elementor-widget-container\">\n\t\t\t\t\t\t\t\t\t<p><strong>Unpublished work.<\/strong> For more info email me: hello@gabyoak.com<\/p>\t\t\t\t\t\t\t\t<\/div>\n\t\t\t\t<\/div>\n\t\t\t\t\t<\/div>\n\t\t<\/div>\n\t\t\t\t\t<\/div>\n\t\t<\/section>\n\t\t\t\t<\/div>","protected":false},"excerpt":{"rendered":"<p>FREYA AND THE SEAGULL INVASION &#8211; PICTURE BOOK\u200b Freya and the Seagull Invasion is a self written and illustrated picture book about a dog that moves to the city and finds herself in a complicated situation with some home invadors &#8211; the seagulls. The book is inspired by my dog Freya and our life while [&hellip;]<\/p>\n","protected":false},"author":1,"featured_media":0,"parent":0,"menu_order":0,"comment_status":"closed","ping_status":"closed","template":"","meta":{"_monsterinsights_skip_tracking":false,"_monsterinsights_sitenote_active":false,"_monsterinsights_sitenote_note":"","_monsterinsights_sitenote_category":0,"site-sidebar-layout":"no-sidebar","site-content-layout":"boxed-container","ast-site-content-layout":"default","site-content-style":"default","site-sidebar-style":"default","ast-global-header-display":"","ast-banner-title-visibility":"","ast-main-header-display":"","ast-hfb-above-header-display":"","ast-hfb-below-header-display":"","ast-hfb-mobile-header-display":"","site-post-title":"disabled","ast-breadcrumbs-content":"","ast-featured-img":"","footer-sml-layout":"","ast-disable-related-posts":"","theme-transparent-header-meta":"","adv-header-id-meta":"","stick-header-meta":"","header-above-stick-meta":"","header-main-stick-meta":"","header-below-stick-meta":"","astra-migrate-meta-layouts":"default","ast-page-background-enabled":"default","ast-page-background-meta":{"desktop":{"background-color":"","background-image":"","background-repeat":"repeat","background-position":"center center","background-size":"auto","background-attachment":"scroll","background-type":"","background-media":"","overlay-type":"","overlay-color":"","overlay-opacity":"","overlay-gradient":""},"tablet":{"background-color":"","background-image":"","background-repeat":"repeat","background-position":"center center","background-size":"auto","background-attachment":"scroll","background-type":"","background-media":"","overlay-type":"","overlay-color":"","overlay-opacity":"","overlay-gradient":""},"mobile":{"background-color":"","background-image":"","background-repeat":"repeat","background-position":"center center","background-size":"auto","background-attachment":"scroll","background-type":"","background-media":"","overlay-type":"","overlay-color":"","overlay-opacity":"","overlay-gradient":""}},"ast-content-background-meta":{"desktop":{"background-color":"var(--ast-global-color-5)","background-image":"","background-repeat":"repeat","background-position":"center center","background-size":"auto","background-attachment":"scroll","background-type":"","background-media":"","overlay-type":"","overlay-color":"","overlay-opacity":"","overlay-gradient":""},"tablet":{"background-color":"var(--ast-global-color-5)","background-image":"","background-repeat":"repeat","background-position":"center center","background-size":"auto","background-attachment":"scroll","background-type":"","background-media":"","overlay-type":"","overlay-color":"","overlay-opacity":"","overlay-gradient":""},"mobile":{"background-color":"var(--ast-global-color-5)","background-image":"","background-repeat":"repeat","background-position":"center center","background-size":"auto","background-attachment":"scroll","background-type":"","background-media":"","overlay-type":"","overlay-color":"","overlay-opacity":"","overlay-gradient":""}},"footnotes":""},"class_list":["post-8044","page","type-page","status-publish","hentry"],"_links":{"self":[{"href":"https:\/\/gabyoak.com\/pt\/wp-json\/wp\/v2\/pages\/8044","targetHints":{"allow":["GET"]}}],"collection":[{"href":"https:\/\/gabyoak.com\/pt\/wp-json\/wp\/v2\/pages"}],"about":[{"href":"https:\/\/gabyoak.com\/pt\/wp-json\/wp\/v2\/types\/page"}],"author":[{"embeddable":true,"href":"https:\/\/gabyoak.com\/pt\/wp-json\/wp\/v2\/users\/1"}],"replies":[{"embeddable":true,"href":"https:\/\/gabyoak.com\/pt\/wp-json\/wp\/v2\/comments?post=8044"}],"version-history":[{"count":20,"href":"https:\/\/gabyoak.com\/pt\/wp-json\/wp\/v2\/pages\/8044\/revisions"}],"predecessor-version":[{"id":9067,"href":"https:\/\/gabyoak.com\/pt\/wp-json\/wp\/v2\/pages\/8044\/revisions\/9067"}],"wp:attachment":[{"href":"https:\/\/gabyoak.com\/pt\/wp-json\/wp\/v2\/media?parent=8044"}],"curies":[{"name":"wp","href":"https:\/\/api.w.org\/{rel}","templated":true}]}}